{"id":3,"date":"2018-10-01T16:03:59","date_gmt":"2018-10-01T16:03:59","guid":{"rendered":"http:\/\/www.rrasesores.net\/?page_id=3"},"modified":"2023-04-02T20:31:34","modified_gmt":"2023-04-02T20:31:34","slug":"politica-privacidad","status":"publish","type":"page","link":"https:\/\/www.rrasesores.net\/index.php\/politica-privacidad\/","title":{"rendered":"Pol\u00edtica de privacidad"},"content":{"rendered":"<h2><strong>Pol\u00edtica de privacidad<\/strong><\/h2>\n<p>La presente pol\u00edtica de privacidad tiene como finalidad informarle del tratamiento que se har\u00e1 de<br \/>\nlos datos personales que facilite o vaya a facilitar en su navegaci\u00f3n, para el caso de<br \/>\nque contin\u00fae navegando. As\u00ed mismo, recoge la pol\u00edtica de protecci\u00f3n de datos, para los casos en<br \/>\nque se haga una remisi\u00f3n expresa a la misma.<\/p>\n<p>1. RESPONSABLE DEL TRATAMIENTO<\/p>\n<p>El responsable del tratamiento y entidad titular del dominio www.rrasesores.net (en adelante, el<br \/>\nSitio Web), es RAMON RAMOS RODRIGUEZ , con CIF n\u00ba: 24250571S<br \/>\nSede en Granada: PLACETA DE SANTO DOMINGO N\u00ba2-1\u00ba Granada Sede en Loja: Avda. de los \u00c1ngeles, 23<br \/>\n18300 Loja (Granada) Datos de contacto:<br \/>\n\u2022 Tel\u00e9fono Granada: (+34) 958265985<br \/>\n\u2022 Tel\u00e9fono Loja : (+34) 958 32 05 93<br \/>\n\u2022 Correo electr\u00f3nico: asesoria@rrasesores.net<\/p>\n<p>2. FINALIDAD DEL TRATAMIENTO Y LEGITIMACI\u00d3N<\/p>\n<p>Los datos que facilite tienen como finalidad:<br \/>\na) Remitirle la informaci\u00f3n solicitada y resolver las consultas que realice a trav\u00e9s del<br \/>\napartado de contacto puesto a su disposici\u00f3n en el sitio Web. La base de legitimaci\u00f3n es el<br \/>\nconsentimiento prestado.<br \/>\nb) Responder a las consultas que realice en relaci\u00f3n con el ejercicio de los derechos sobre los<br \/>\nque le informa m\u00e1s adelante. La base de legitimaci\u00f3n es el cumplimiento de obligaciones legales por<br \/>\nparte de la entidad.<br \/>\nEn el cumplimiento de estas obligaciones, sus datos se podr\u00e1n comunicar a las Administraciones<br \/>\nP\u00fablicas y tribunales, siempre que tal informaci\u00f3n sea requerida conforme a los procesos legales<br \/>\nestablecidos.<br \/>\nc) En caso de que remita su curr\u00edculum est\u00e1 dando autorizaci\u00f3n para analizar los<br \/>\ndatos y documentos contenidos en el mismo. Ser\u00e1n conservados durante el plazo m\u00e1ximo de un a\u00f1o,<br \/>\nsalvo que manifieste lo contrario. La base de legitimaci\u00f3n es el consentimiento prestado.<br \/>\nd) Caso de que lo autorice expresamente, se le podr\u00e1 enviar informaci\u00f3n relacionada con la<br \/>\nactividad de la entidad, a trav\u00e9s de cualquier medio electr\u00f3nico, incluso remisi\u00f3n de newsletter.<br \/>\nDicha informaci\u00f3n se conservar\u00e1 mientras no solicite su supresi\u00f3n. La base de legitimaci\u00f3n es el<br \/>\nconsentimiento prestado.<\/p>\n<p>3. PLAZO DE CONSERVACI\u00d3N DE LOS DATOS.<\/p>\n<p>Los datos que facilite se conservar\u00e1n mientras exista un inter\u00e9s mutuo para mantener el fin del<br \/>\ntratamiento. Ser\u00e1n bloqueados cuando hayan dejado de ser necesarios para la finalidad para la que<br \/>\nfueron recabados o cuando haya ejercido su derecho de supresi\u00f3n, cancelaci\u00f3n y\/o limitaci\u00f3n del<br \/>\ntratamiento. Transcurrido este per\u00edodo, ser\u00e1n suprimidos conforme a lo dispuesto en la normativa de<br \/>\nprotecci\u00f3n de datos, lo que implica su bloqueo. Quedar\u00e1n a disposici\u00f3n exclusiva de Jueces y<br \/>\nTribunales, el Ministerio Fiscal y las Administraciones competentes, en particular la de<br \/>\nProtecci\u00f3n de Datos para la atenci\u00f3n de responsabilidades nacidas del tratamiento, durante<br \/>\nel plazo de prescripci\u00f3n de estas. Cumplido el plazo indicado, se pasar\u00e1 a su destrucci\u00f3n con las<br \/>\nmedidas de seguridad adecuadas para garantizar la seudonimizaci\u00f3n o destrucci\u00f3n total de<br \/>\nlos<br \/>\nmismos.<\/p>\n<p>Adem\u00e1s del tratamiento general del punto anterior, se observar\u00e1 el plazo de conservaci\u00f3n de cuatro<br \/>\na\u00f1os (Art. 66 y siguientes de la Ley General Tributaria), y de seis sobre los libros de<br \/>\ncontabilidad y facturas (Art. 30 del C\u00f3digo de Comercio)<\/p>\n<p>4. SUS DERECHOS<\/p>\n<p>La normativa de protecci\u00f3n de datos le confiere los siguientes derechos en relaci\u00f3n con el<br \/>\ntratamiento de datos personales:<br \/>\n\u2022 Derecho de acceso: derecho de acceso a sus datos personales para saber cu\u00e1les est\u00e1n siendo<br \/>\nobjeto de tratamiento y las operaciones de tratamiento llevadas a cabo con ellos.<br \/>\n\u2022 Derecho de rectificaci\u00f3n: Poder solicitar la modificaci\u00f3n de sus datos por ser inexactos o no<br \/>\nveraces.<br \/>\n\u2022 Derecho de portabilidad: Poder obtener una copia en un formato interoperable de los datos que<br \/>\nest\u00e9n siendo tratados.<br \/>\n\u2022 Derecho a la limitaci\u00f3n del tratamiento: podr\u00e1 limitar el tratamiento de sus<br \/>\ndatos, en cuyo caso \u00fanicamente se conservar\u00e1n para el ejercicio o defensa de reclamaciones<br \/>\n\u2022 Derecho de supresi\u00f3n: Solicitar la supresi\u00f3n de sus datos cuando el tratamiento<br \/>\nya no resulte necesario.<br \/>\n\u2022 Derecho de oposici\u00f3n: Solicitar el cese en el env\u00edo de comunicaciones en los t\u00e9rminos<br \/>\nse\u00f1alados.<br \/>\n\u2022 Derecho a revocar el consentimiento prestado.<\/p>\n<p>Para el ejercicio de estos derechos, deber\u00e1 remitir una solicitud expresa, junto a una<br \/>\ncopia de su DNI o documento acreditativo equivalente y en vigor, a trav\u00e9s de los siguientes<br \/>\nmedios:<br \/>\n\u2756 CORREO ELECTR\u00d3NICO dirigido a la direcci\u00f3n asesoria@rrasesores.net con asunto<br \/>\nProtecci\u00f3n de Datos. Este env\u00edo deber\u00e1 realizarlo desde la direcci\u00f3n de correo electr\u00f3nico que<br \/>\nincluy\u00f3 al contactar con nuestra entidad. En caso contrario, no le ser\u00e1n mostrados, por no<br \/>\nconsiderar suficientemente probada su identidad.<br \/>\n\u2756 POR CORREO POSTAL: Dirigido a la direcci\u00f3n: PLACETA DE SANTO DOMINGO N\u00ba2-1\u00ba GRANADA<br \/>\nSi ante la solicitud realizada no recibiera respuesta en tiempo y forma por parte de la entidad, o<br \/>\nno encontrara esta satisfactoria, se informa que la autoridad de control competente es la Agencia<br \/>\nEspa\u00f1ola de Protecci\u00f3n de Datos (www.aepd.es ). En su p\u00e1gina web puede encontrar una serie de<br \/>\nmodelos que le ayudar\u00e1n en el ejercicio de sus derechos.<\/p>\n<p>5. NO CESI\u00d3N DE DATOS<\/p>\n<p>Se informa expresamente a los usuarios que sus datos personales no ser\u00e1n cedidos en ning\u00fan caso a<br \/>\nterceros, salvo obligaci\u00f3n legal. Cualquier excepci\u00f3n a esta norma, requerir\u00e1 su previo<br \/>\nconsentimiento expreso informado, e inequ\u00edvoco.<\/p>\n<p>6. MEDIDAS DE SEGURIDAD<\/p>\n<p>RAMON RAMOS RODRIGUEZ cumple con lo dispuesto en las normativas vigentes en protecci\u00f3n de datos<br \/>\npersonales (Reglamento (UE) 2016\/679 del Parlamento Europeo y del Consejo de 27 de abril de 2016 y<br \/>\nLey Org\u00e1nica 3\/2018, de 5 de diciembre, de Protecci\u00f3n de Datos Personales y Garant\u00eda de los<br \/>\nDerechos Digitales) para el tratamiento de los datos personales de su responsabilidad, y<br \/>\nmanifiestamente con los principios descritos en el art\u00edculo 5 del RGPD, por los cuales son<br \/>\ntratados de manera l\u00edcita, leal y transparente en relaci\u00f3n con el interesado, y adecuados, pertinentes y limitados a lo necesario, en relaci\u00f3n con los fines<br \/>\npara los que<br \/>\nson tratados.<\/p>\n<p>Ha implementado pol\u00edticas t\u00e9cnicas y organizativas apropiadas con el fin de proteger<br \/>\nsus derechos y libertades, facilit\u00e1ndole toda la informaci\u00f3n necesaria para que pueda ejercer los<br \/>\nderechos que le asisten. No obstante, debe de ser consciente que las medidas de seguridad en<br \/>\nInternet no son inexpugnables.<\/p>\n<p>7. MENORES DE EDAD<\/p>\n<p>Los menores de edad (14 a\u00f1os) no podr\u00e1n usar los servicios disponibles a trav\u00e9s del Sitio Web sin<br \/>\nla previa autorizaci\u00f3n de sus padres, tutores o representantes legales, quienes ser\u00e1n los \u00fanicos<br \/>\nresponsables de todos los actos realizados a trav\u00e9s del Sitio Web por los menores a su cargo,<br \/>\nincluyendo la cumplimentaci\u00f3n de los formularios con los datos personales de dichos menores y la<br \/>\nmarcaci\u00f3n, en su caso, de las casillas que los acompa\u00f1an. RAMON RAMOS RODRIGUEZ no se<br \/>\nresponsabiliza de la veracidad y exactitud de los datos que cumplimente.<\/p>\n<p>El tratamiento de los datos personales de un menor de edad \u00fanicamente podr\u00e1<br \/>\nfundarse en su consentimiento cuando sea mayor de catorce a\u00f1os.<\/p>\n<p>Se except\u00faan los supuestos en que la ley exija la asistencia de los titulares de la patria potestad<br \/>\no tutela para la celebraci\u00f3n del acto o negocio jur\u00eddico en cuyo contexto se recaba el<br \/>\nconsentimiento para el tratamiento.<\/p>\n<p>El tratamiento de los datos de los menores de catorce a\u00f1os, fundado en el consentimiento, solo ser\u00e1<br \/>\nl\u00edcito si consta el del titular de la patria potestad o tutela, con el alcance que determinen los<br \/>\ntitulares de la patria potestad o tutela.<\/p>\n<p>8. DURACI\u00d3N Y MODIFICACI\u00d3N DE LA POL\u00cdTICA DE PRIVACIDAD<\/p>\n<p>RAMON RAMOS RODRIGUEZ se reserva el derecho a modificar la presente Pol\u00edtica de Privacidad,<br \/>\ntotal o parcialmente, publicando los cambios en el Sitio Web. Asimismo, se podr\u00e1 cambiar, suprimir<br \/>\no a\u00f1adir, sin previo aviso, tanto los contenidos y servicios prestados, as\u00ed como la<br \/>\nforma en la que estos aparezcan presentados. En consecuencia, se entender\u00e1n como<br \/>\nvigentes, las Pol\u00edticas que est\u00e9n publicadas en el momento en el que acceda por lo que<br \/>\ndeber\u00e1 leerlas peri\u00f3dicamente.<\/p>\n<p>Con independencia de lo dispuesto, se podr\u00e1 dar por terminado, suspender o interrumpir,<br \/>\nen cualquier momento sin necesidad de preaviso, el acceso a los contenidos del Sitio Web, sin<br \/>\nposibilidad por parte del usuario de exigir indemnizaci\u00f3n alguna.<\/p>\n","protected":false},"excerpt":{"rendered":"<p>Pol\u00edtica de privacidad La presente pol\u00edtica de privacidad tiene como finalidad informarle del tratamiento que se har\u00e1 de los datos personales que facilite o vaya a facilitar en su navegaci\u00f3n, &#8230;<\/p>\n","protected":false},"author":1,"featured_media":0,"parent":0,"menu_order":0,"comment_status":"closed","ping_status":"open","template":"","meta":{"footnotes":""},"class_list":["post-3","page","type-page","status-publish","hentry"],"yoast_head":"<!-- This site is optimized with the Yoast SEO plugin v26.4 - https:\/\/yoast.com\/wordpress\/plugins\/seo\/ -->\n<title>Pol\u00edtica de privacidad - RR Asesores<\/title>\n<meta name=\"robots\" content=\"index, follow, max-snippet:-1, max-image-preview:large, max-video-preview:-1\" \/>\n<link rel=\"canonical\" href=\"https:\/\/www.rrasesores.net\/index.php\/politica-privacidad\/\" \/>\n<meta property=\"og:locale\" content=\"es_ES\" \/>\n<meta property=\"og:type\" content=\"article\" \/>\n<meta property=\"og:title\" content=\"Pol\u00edtica de privacidad - RR Asesores\" \/>\n<meta property=\"og:description\" content=\"Pol\u00edtica de privacidad La presente pol\u00edtica de privacidad tiene como finalidad informarle del tratamiento que se har\u00e1 de los datos personales que facilite o vaya a facilitar en su navegaci\u00f3n, ...\" \/>\n<meta property=\"og:url\" content=\"https:\/\/www.rrasesores.net\/index.php\/politica-privacidad\/\" \/>\n<meta property=\"og:site_name\" content=\"RR Asesores\" \/>\n<meta property=\"article:modified_time\" content=\"2023-04-02T20:31:34+00:00\" \/>\n<meta name=\"twitter:card\" content=\"summary_large_image\" \/>\n<meta name=\"twitter:label1\" content=\"Tiempo de lectura\" \/>\n\t<meta name=\"twitter:data1\" content=\"7 minutos\" \/>\n<script type=\"application\/ld+json\" class=\"yoast-schema-graph\">{\"@context\":\"https:\/\/schema.org\",\"@graph\":[{\"@type\":\"WebPage\",\"@id\":\"https:\/\/www.rrasesores.net\/index.php\/politica-privacidad\/\",\"url\":\"https:\/\/www.rrasesores.net\/index.php\/politica-privacidad\/\",\"name\":\"Pol\u00edtica de privacidad - RR Asesores\",\"isPartOf\":{\"@id\":\"https:\/\/www.rrasesores.net\/#website\"},\"datePublished\":\"2018-10-01T16:03:59+00:00\",\"dateModified\":\"2023-04-02T20:31:34+00:00\",\"breadcrumb\":{\"@id\":\"https:\/\/www.rrasesores.net\/index.php\/politica-privacidad\/#breadcrumb\"},\"inLanguage\":\"es\",\"potentialAction\":[{\"@type\":\"ReadAction\",\"target\":[\"https:\/\/www.rrasesores.net\/index.php\/politica-privacidad\/\"]}]},{\"@type\":\"BreadcrumbList\",\"@id\":\"https:\/\/www.rrasesores.net\/index.php\/politica-privacidad\/#breadcrumb\",\"itemListElement\":[{\"@type\":\"ListItem\",\"position\":1,\"name\":\"Home\",\"item\":\"https:\/\/www.rrasesores.net\/\"},{\"@type\":\"ListItem\",\"position\":2,\"name\":\"Pol\u00edtica de privacidad\"}]},{\"@type\":\"WebSite\",\"@id\":\"https:\/\/www.rrasesores.net\/#website\",\"url\":\"https:\/\/www.rrasesores.net\/\",\"name\":\"RR Asesores\",\"description\":\"Despacho Contable, Fiscal, Jur\u00eddico y Laboral\",\"publisher\":{\"@id\":\"https:\/\/www.rrasesores.net\/#organization\"},\"potentialAction\":[{\"@type\":\"SearchAction\",\"target\":{\"@type\":\"EntryPoint\",\"urlTemplate\":\"https:\/\/www.rrasesores.net\/?s={search_term_string}\"},\"query-input\":{\"@type\":\"PropertyValueSpecification\",\"valueRequired\":true,\"valueName\":\"search_term_string\"}}],\"inLanguage\":\"es\"},{\"@type\":\"Organization\",\"@id\":\"https:\/\/www.rrasesores.net\/#organization\",\"name\":\"RR Asesores\",\"url\":\"https:\/\/www.rrasesores.net\/\",\"logo\":{\"@type\":\"ImageObject\",\"inLanguage\":\"es\",\"@id\":\"https:\/\/www.rrasesores.net\/#\/schema\/logo\/image\/\",\"url\":\"https:\/\/www.rrasesores.net\/wp-content\/uploads\/2018\/10\/cropped-RR-ASESORES-LOGO-001.jpg\",\"contentUrl\":\"https:\/\/www.rrasesores.net\/wp-content\/uploads\/2018\/10\/cropped-RR-ASESORES-LOGO-001.jpg\",\"width\":350,\"height\":83,\"caption\":\"RR Asesores\"},\"image\":{\"@id\":\"https:\/\/www.rrasesores.net\/#\/schema\/logo\/image\/\"}}]}<\/script>\n<!-- \/ Yoast SEO plugin. -->","yoast_head_json":{"title":"Pol\u00edtica de privacidad - RR Asesores","robots":{"index":"index","follow":"follow","max-snippet":"max-snippet:-1","max-image-preview":"max-image-preview:large","max-video-preview":"max-video-preview:-1"},"canonical":"https:\/\/www.rrasesores.net\/index.php\/politica-privacidad\/","og_locale":"es_ES","og_type":"article","og_title":"Pol\u00edtica de privacidad - RR Asesores","og_description":"Pol\u00edtica de privacidad La presente pol\u00edtica de privacidad tiene como finalidad informarle del tratamiento que se har\u00e1 de los datos personales que facilite o vaya a facilitar en su navegaci\u00f3n, ...","og_url":"https:\/\/www.rrasesores.net\/index.php\/politica-privacidad\/","og_site_name":"RR Asesores","article_modified_time":"2023-04-02T20:31:34+00:00","twitter_card":"summary_large_image","twitter_misc":{"Tiempo de lectura":"7 minutos"},"schema":{"@context":"https:\/\/schema.org","@graph":[{"@type":"WebPage","@id":"https:\/\/www.rrasesores.net\/index.php\/politica-privacidad\/","url":"https:\/\/www.rrasesores.net\/index.php\/politica-privacidad\/","name":"Pol\u00edtica de privacidad - RR Asesores","isPartOf":{"@id":"https:\/\/www.rrasesores.net\/#website"},"datePublished":"2018-10-01T16:03:59+00:00","dateModified":"2023-04-02T20:31:34+00:00","breadcrumb":{"@id":"https:\/\/www.rrasesores.net\/index.php\/politica-privacidad\/#breadcrumb"},"inLanguage":"es","potentialAction":[{"@type":"ReadAction","target":["https:\/\/www.rrasesores.net\/index.php\/politica-privacidad\/"]}]},{"@type":"BreadcrumbList","@id":"https:\/\/www.rrasesores.net\/index.php\/politica-privacidad\/#breadcrumb","itemListElement":[{"@type":"ListItem","position":1,"name":"Home","item":"https:\/\/www.rrasesores.net\/"},{"@type":"ListItem","position":2,"name":"Pol\u00edtica de privacidad"}]},{"@type":"WebSite","@id":"https:\/\/www.rrasesores.net\/#website","url":"https:\/\/www.rrasesores.net\/","name":"RR Asesores","description":"Despacho Contable, Fiscal, Jur\u00eddico y Laboral","publisher":{"@id":"https:\/\/www.rrasesores.net\/#organization"},"potentialAction":[{"@type":"SearchAction","target":{"@type":"EntryPoint","urlTemplate":"https:\/\/www.rrasesores.net\/?s={search_term_string}"},"query-input":{"@type":"PropertyValueSpecification","valueRequired":true,"valueName":"search_term_string"}}],"inLanguage":"es"},{"@type":"Organization","@id":"https:\/\/www.rrasesores.net\/#organization","name":"RR Asesores","url":"https:\/\/www.rrasesores.net\/","logo":{"@type":"ImageObject","inLanguage":"es","@id":"https:\/\/www.rrasesores.net\/#\/schema\/logo\/image\/","url":"https:\/\/www.rrasesores.net\/wp-content\/uploads\/2018\/10\/cropped-RR-ASESORES-LOGO-001.jpg","contentUrl":"https:\/\/www.rrasesores.net\/wp-content\/uploads\/2018\/10\/cropped-RR-ASESORES-LOGO-001.jpg","width":350,"height":83,"caption":"RR Asesores"},"image":{"@id":"https:\/\/www.rrasesores.net\/#\/schema\/logo\/image\/"}}]}},"_links":{"self":[{"href":"https:\/\/www.rrasesores.net\/index.php\/wp-json\/wp\/v2\/pages\/3","targetHints":{"allow":["GET"]}}],"collection":[{"href":"https:\/\/www.rrasesores.net\/index.php\/wp-json\/wp\/v2\/pages"}],"about":[{"href":"https:\/\/www.rrasesores.net\/index.php\/wp-json\/wp\/v2\/types\/page"}],"author":[{"embeddable":true,"href":"https:\/\/www.rrasesores.net\/index.php\/wp-json\/wp\/v2\/users\/1"}],"replies":[{"embeddable":true,"href":"https:\/\/www.rrasesores.net\/index.php\/wp-json\/wp\/v2\/comments?post=3"}],"version-history":[{"count":2,"href":"https:\/\/www.rrasesores.net\/index.php\/wp-json\/wp\/v2\/pages\/3\/revisions"}],"predecessor-version":[{"id":1494,"href":"https:\/\/www.rrasesores.net\/index.php\/wp-json\/wp\/v2\/pages\/3\/revisions\/1494"}],"wp:attachment":[{"href":"https:\/\/www.rrasesores.net\/index.php\/wp-json\/wp\/v2\/media?parent=3"}],"curies":[{"name":"wp","href":"https:\/\/api.w.org\/{rel}","templated":true}]}}