{"id":25,"date":"2016-02-12T08:13:22","date_gmt":"2016-02-12T08:13:22","guid":{"rendered":"http:\/\/demos.famethemes.com\/onepress\/?page_id=25"},"modified":"2018-10-02T09:30:10","modified_gmt":"2018-10-02T09:30:10","slug":"asesoria-fiscal-2","status":"publish","type":"page","link":"https:\/\/www.rrasesores.net\/index.php\/asesoria-fiscal-2\/","title":{"rendered":"Asesor\u00eda Fiscal"},"content":{"rendered":"<p><img loading=\"lazy\" decoding=\"async\" class=\"alignnone size-full wp-image-1404\" src=\"http:\/\/www.rrasesores.net\/wp-content\/uploads\/2018\/10\/nik-macmillan-280300-unsplash-1.jpg\" alt=\"\" width=\"2000\" height=\"600\" srcset=\"https:\/\/www.rrasesores.net\/wp-content\/uploads\/2018\/10\/nik-macmillan-280300-unsplash-1.jpg 2000w, https:\/\/www.rrasesores.net\/wp-content\/uploads\/2018\/10\/nik-macmillan-280300-unsplash-1-300x90.jpg 300w, https:\/\/www.rrasesores.net\/wp-content\/uploads\/2018\/10\/nik-macmillan-280300-unsplash-1-768x230.jpg 768w, https:\/\/www.rrasesores.net\/wp-content\/uploads\/2018\/10\/nik-macmillan-280300-unsplash-1-1024x307.jpg 1024w\" sizes=\"auto, (max-width: 2000px) 100vw, 2000px\" \/><\/p>\n<p>Nuestros asesores gestionan el cumplimiento de las obligaciones tributarias ante la administraci\u00f3n p\u00fablica ya sea para personas f\u00edsicas o empresas. Para ello es necesaria la elaboraci\u00f3n previa de las cuentas de la empresa y en el caso de personas f\u00edsicas los ingresos y gastos deducibles en la declaraci\u00f3n.<\/p>\n<p>Una vez elaboradas las cuentas de la empresa, nuestros asesores buscaran el mayor ahorro fiscal, avisando a nuestros clientes de las posibles decisiones a tomar para conseguir el m\u00e1ximo ahorro.<\/p>\n<h3><strong>Te asesoramos sobre la forma jur\u00eddica que m\u00e1s te convenga<\/strong><\/h3>\n<p>Adapt\u00e1ndonos a nuestros clientes, consideramos las estructuras jur\u00eddicas m\u00e1s rentables y adecuadas para cada caso en concreto.<\/p>\n<h3><strong>Declaraciones y Liquidaciones<\/strong><\/h3>\n<p>Si tienes algunas declaraciones y liquidaciones pendientes, nosotros nos encargamos independientemente de que sean mensuales, trimestrales o anuales. De una forma muy eficaz y organizada, usamos las mejores bases de datos de leyes y jurisprudencia del mercado para que nuestros clientes est\u00e9n siempre al d\u00eda<\/p>\n<h3><strong>Planificaci\u00f3n<\/strong><\/h3>\n<p>Hoy en d\u00eda, el proceso de planificaci\u00f3n tiene mucho protagonismo en toda empresa. En una econom\u00eda tan globalizada, las empresas no se pueden permitir el lujo de quedarse atr\u00e1s. Desde nuestra asesor\u00eda evaluamos las ventajas que podr\u00e1n experimentar nuestros clientes para as\u00ed poder trabajar en reducir la carga fiscal en Impuesto sobre el Valor A\u00f1adido, Impuesto sobre la Renta e Impuesto sobre Sociedades.<\/p>\n<h3><strong>Inspecciones Tributarias<\/strong><\/h3>\n<p>Nos encargamos de reclamar y recurrir contra actos de la agencia tributaria, teniendo siempre en cuenta lo que nos piden nuestros clientes. Debido a que hay inspecciones tributarias de especial complejidad que pueden ser muy importantes para los contribuyentes, nos ofrecemos a ayudar a nuestros clientes con lo que necesiten. De esta forma, evitaremos situaciones de un elevado riesgo fiscal.<\/p>\n<h3><strong>Asesor\u00eda fiscal para empresas y personas f\u00edsicas<\/strong><\/h3>\n<ul>\n<li>Asesoramiento fiscal.<\/li>\n<li>Documentaci\u00f3n tributaria.<\/li>\n<li>Gestiones en Organismos P\u00fablicos.<\/li>\n<li>Declaraci\u00f3n de la Renta y Patrimonio.<\/li>\n<li>Declaraciones de IVA.<\/li>\n<li>Impuesto sobre Sociedades.<\/li>\n<li>Inspecciones y controles tributarios de su negocio.<\/li>\n<li>Planificaci\u00f3n fiscal de patrimonios.<\/li>\n<li>Tributaci\u00f3n de no Residentes.<\/li>\n<li>Planificaci\u00f3n de herencias. Tramitaci\u00f3n y liquidaci\u00f3n del Impuesto sobre Sucesiones y Donaciones.<\/li>\n<\/ul>\n","protected":false},"excerpt":{"rendered":"<p>Morbi in sem quis dui placerat ornare. Pellentesque odio nisi euismod in pharetra a ultricies.<\/p>\n","protected":false},"author":2,"featured_media":0,"parent":0,"menu_order":0,"comment_status":"closed","ping_status":"closed","template":"","meta":{"footnotes":""},"class_list":["post-25","page","type-page","status-publish","hentry"],"yoast_head":"<!-- This site is optimized with the Yoast SEO plugin v26.4 - https:\/\/yoast.com\/wordpress\/plugins\/seo\/ -->\n<title>Asesor\u00eda Fiscal - RR Asesores<\/title>\n<meta name=\"robots\" content=\"index, follow, max-snippet:-1, max-image-preview:large, max-video-preview:-1\" \/>\n<link rel=\"canonical\" href=\"https:\/\/www.rrasesores.net\/index.php\/asesoria-fiscal-2\/\" \/>\n<meta property=\"og:locale\" content=\"es_ES\" \/>\n<meta property=\"og:type\" content=\"article\" \/>\n<meta property=\"og:title\" content=\"Asesor\u00eda Fiscal - RR Asesores\" \/>\n<meta property=\"og:description\" content=\"Morbi in sem quis dui placerat ornare. Pellentesque odio nisi euismod in pharetra a ultricies.\" \/>\n<meta property=\"og:url\" content=\"https:\/\/www.rrasesores.net\/index.php\/asesoria-fiscal-2\/\" \/>\n<meta property=\"og:site_name\" content=\"RR Asesores\" \/>\n<meta property=\"article:modified_time\" content=\"2018-10-02T09:30:10+00:00\" \/>\n<meta property=\"og:image\" content=\"https:\/\/www.rrasesores.net\/wp-content\/uploads\/2018\/10\/nik-macmillan-280300-unsplash-1.jpg\" \/>\n\t<meta property=\"og:image:width\" content=\"2000\" \/>\n\t<meta property=\"og:image:height\" content=\"600\" \/>\n\t<meta property=\"og:image:type\" content=\"image\/jpeg\" \/>\n<meta name=\"twitter:card\" content=\"summary_large_image\" \/>\n<meta name=\"twitter:label1\" content=\"Tiempo de lectura\" \/>\n\t<meta name=\"twitter:data1\" content=\"2 minutos\" \/>\n<script type=\"application\/ld+json\" class=\"yoast-schema-graph\">{\"@context\":\"https:\/\/schema.org\",\"@graph\":[{\"@type\":\"WebPage\",\"@id\":\"https:\/\/www.rrasesores.net\/index.php\/asesoria-fiscal-2\/\",\"url\":\"https:\/\/www.rrasesores.net\/index.php\/asesoria-fiscal-2\/\",\"name\":\"Asesor\u00eda Fiscal - RR Asesores\",\"isPartOf\":{\"@id\":\"https:\/\/www.rrasesores.net\/#website\"},\"primaryImageOfPage\":{\"@id\":\"https:\/\/www.rrasesores.net\/index.php\/asesoria-fiscal-2\/#primaryimage\"},\"image\":{\"@id\":\"https:\/\/www.rrasesores.net\/index.php\/asesoria-fiscal-2\/#primaryimage\"},\"thumbnailUrl\":\"http:\/\/www.rrasesores.net\/wp-content\/uploads\/2018\/10\/nik-macmillan-280300-unsplash-1.jpg\",\"datePublished\":\"2016-02-12T08:13:22+00:00\",\"dateModified\":\"2018-10-02T09:30:10+00:00\",\"breadcrumb\":{\"@id\":\"https:\/\/www.rrasesores.net\/index.php\/asesoria-fiscal-2\/#breadcrumb\"},\"inLanguage\":\"es\",\"potentialAction\":[{\"@type\":\"ReadAction\",\"target\":[\"https:\/\/www.rrasesores.net\/index.php\/asesoria-fiscal-2\/\"]}]},{\"@type\":\"ImageObject\",\"inLanguage\":\"es\",\"@id\":\"https:\/\/www.rrasesores.net\/index.php\/asesoria-fiscal-2\/#primaryimage\",\"url\":\"https:\/\/www.rrasesores.net\/wp-content\/uploads\/2018\/10\/nik-macmillan-280300-unsplash-1.jpg\",\"contentUrl\":\"https:\/\/www.rrasesores.net\/wp-content\/uploads\/2018\/10\/nik-macmillan-280300-unsplash-1.jpg\",\"width\":2000,\"height\":600},{\"@type\":\"BreadcrumbList\",\"@id\":\"https:\/\/www.rrasesores.net\/index.php\/asesoria-fiscal-2\/#breadcrumb\",\"itemListElement\":[{\"@type\":\"ListItem\",\"position\":1,\"name\":\"Home\",\"item\":\"https:\/\/www.rrasesores.net\/\"},{\"@type\":\"ListItem\",\"position\":2,\"name\":\"Asesor\u00eda Fiscal\"}]},{\"@type\":\"WebSite\",\"@id\":\"https:\/\/www.rrasesores.net\/#website\",\"url\":\"https:\/\/www.rrasesores.net\/\",\"name\":\"RR Asesores\",\"description\":\"Despacho Contable, Fiscal, Jur\u00eddico y Laboral\",\"publisher\":{\"@id\":\"https:\/\/www.rrasesores.net\/#organization\"},\"potentialAction\":[{\"@type\":\"SearchAction\",\"target\":{\"@type\":\"EntryPoint\",\"urlTemplate\":\"https:\/\/www.rrasesores.net\/?s={search_term_string}\"},\"query-input\":{\"@type\":\"PropertyValueSpecification\",\"valueRequired\":true,\"valueName\":\"search_term_string\"}}],\"inLanguage\":\"es\"},{\"@type\":\"Organization\",\"@id\":\"https:\/\/www.rrasesores.net\/#organization\",\"name\":\"RR Asesores\",\"url\":\"https:\/\/www.rrasesores.net\/\",\"logo\":{\"@type\":\"ImageObject\",\"inLanguage\":\"es\",\"@id\":\"https:\/\/www.rrasesores.net\/#\/schema\/logo\/image\/\",\"url\":\"https:\/\/www.rrasesores.net\/wp-content\/uploads\/2018\/10\/cropped-RR-ASESORES-LOGO-001.jpg\",\"contentUrl\":\"https:\/\/www.rrasesores.net\/wp-content\/uploads\/2018\/10\/cropped-RR-ASESORES-LOGO-001.jpg\",\"width\":350,\"height\":83,\"caption\":\"RR Asesores\"},\"image\":{\"@id\":\"https:\/\/www.rrasesores.net\/#\/schema\/logo\/image\/\"}}]}<\/script>\n<!-- \/ Yoast SEO plugin. -->","yoast_head_json":{"title":"Asesor\u00eda Fiscal - RR Asesores","robots":{"index":"index","follow":"follow","max-snippet":"max-snippet:-1","max-image-preview":"max-image-preview:large","max-video-preview":"max-video-preview:-1"},"canonical":"https:\/\/www.rrasesores.net\/index.php\/asesoria-fiscal-2\/","og_locale":"es_ES","og_type":"article","og_title":"Asesor\u00eda Fiscal - RR Asesores","og_description":"Morbi in sem quis dui placerat ornare. Pellentesque odio nisi euismod in pharetra a ultricies.","og_url":"https:\/\/www.rrasesores.net\/index.php\/asesoria-fiscal-2\/","og_site_name":"RR Asesores","article_modified_time":"2018-10-02T09:30:10+00:00","og_image":[{"width":2000,"height":600,"url":"https:\/\/www.rrasesores.net\/wp-content\/uploads\/2018\/10\/nik-macmillan-280300-unsplash-1.jpg","type":"image\/jpeg"}],"twitter_card":"summary_large_image","twitter_misc":{"Tiempo de lectura":"2 minutos"},"schema":{"@context":"https:\/\/schema.org","@graph":[{"@type":"WebPage","@id":"https:\/\/www.rrasesores.net\/index.php\/asesoria-fiscal-2\/","url":"https:\/\/www.rrasesores.net\/index.php\/asesoria-fiscal-2\/","name":"Asesor\u00eda Fiscal - RR Asesores","isPartOf":{"@id":"https:\/\/www.rrasesores.net\/#website"},"primaryImageOfPage":{"@id":"https:\/\/www.rrasesores.net\/index.php\/asesoria-fiscal-2\/#primaryimage"},"image":{"@id":"https:\/\/www.rrasesores.net\/index.php\/asesoria-fiscal-2\/#primaryimage"},"thumbnailUrl":"http:\/\/www.rrasesores.net\/wp-content\/uploads\/2018\/10\/nik-macmillan-280300-unsplash-1.jpg","datePublished":"2016-02-12T08:13:22+00:00","dateModified":"2018-10-02T09:30:10+00:00","breadcrumb":{"@id":"https:\/\/www.rrasesores.net\/index.php\/asesoria-fiscal-2\/#breadcrumb"},"inLanguage":"es","potentialAction":[{"@type":"ReadAction","target":["https:\/\/www.rrasesores.net\/index.php\/asesoria-fiscal-2\/"]}]},{"@type":"ImageObject","inLanguage":"es","@id":"https:\/\/www.rrasesores.net\/index.php\/asesoria-fiscal-2\/#primaryimage","url":"https:\/\/www.rrasesores.net\/wp-content\/uploads\/2018\/10\/nik-macmillan-280300-unsplash-1.jpg","contentUrl":"https:\/\/www.rrasesores.net\/wp-content\/uploads\/2018\/10\/nik-macmillan-280300-unsplash-1.jpg","width":2000,"height":600},{"@type":"BreadcrumbList","@id":"https:\/\/www.rrasesores.net\/index.php\/asesoria-fiscal-2\/#breadcrumb","itemListElement":[{"@type":"ListItem","position":1,"name":"Home","item":"https:\/\/www.rrasesores.net\/"},{"@type":"ListItem","position":2,"name":"Asesor\u00eda Fiscal"}]},{"@type":"WebSite","@id":"https:\/\/www.rrasesores.net\/#website","url":"https:\/\/www.rrasesores.net\/","name":"RR Asesores","description":"Despacho Contable, Fiscal, Jur\u00eddico y Laboral","publisher":{"@id":"https:\/\/www.rrasesores.net\/#organization"},"potentialAction":[{"@type":"SearchAction","target":{"@type":"EntryPoint","urlTemplate":"https:\/\/www.rrasesores.net\/?s={search_term_string}"},"query-input":{"@type":"PropertyValueSpecification","valueRequired":true,"valueName":"search_term_string"}}],"inLanguage":"es"},{"@type":"Organization","@id":"https:\/\/www.rrasesores.net\/#organization","name":"RR Asesores","url":"https:\/\/www.rrasesores.net\/","logo":{"@type":"ImageObject","inLanguage":"es","@id":"https:\/\/www.rrasesores.net\/#\/schema\/logo\/image\/","url":"https:\/\/www.rrasesores.net\/wp-content\/uploads\/2018\/10\/cropped-RR-ASESORES-LOGO-001.jpg","contentUrl":"https:\/\/www.rrasesores.net\/wp-content\/uploads\/2018\/10\/cropped-RR-ASESORES-LOGO-001.jpg","width":350,"height":83,"caption":"RR Asesores"},"image":{"@id":"https:\/\/www.rrasesores.net\/#\/schema\/logo\/image\/"}}]}},"_links":{"self":[{"href":"https:\/\/www.rrasesores.net\/index.php\/wp-json\/wp\/v2\/pages\/25","targetHints":{"allow":["GET"]}}],"collection":[{"href":"https:\/\/www.rrasesores.net\/index.php\/wp-json\/wp\/v2\/pages"}],"about":[{"href":"https:\/\/www.rrasesores.net\/index.php\/wp-json\/wp\/v2\/types\/page"}],"author":[{"embeddable":true,"href":"https:\/\/www.rrasesores.net\/index.php\/wp-json\/wp\/v2\/users\/2"}],"replies":[{"embeddable":true,"href":"https:\/\/www.rrasesores.net\/index.php\/wp-json\/wp\/v2\/comments?post=25"}],"version-history":[{"count":4,"href":"https:\/\/www.rrasesores.net\/index.php\/wp-json\/wp\/v2\/pages\/25\/revisions"}],"predecessor-version":[{"id":1415,"href":"https:\/\/www.rrasesores.net\/index.php\/wp-json\/wp\/v2\/pages\/25\/revisions\/1415"}],"wp:attachment":[{"href":"https:\/\/www.rrasesores.net\/index.php\/wp-json\/wp\/v2\/media?parent=25"}],"curies":[{"name":"wp","href":"https:\/\/api.w.org\/{rel}","templated":true}]}}