{"id":1442,"date":"2018-10-02T09:12:27","date_gmt":"2018-10-02T09:12:27","guid":{"rendered":"http:\/\/www.rrasesores.net\/?page_id=1442"},"modified":"2025-03-23T13:40:16","modified_gmt":"2025-03-23T13:40:16","slug":"politica-de-cookies","status":"publish","type":"page","link":"https:\/\/www.rrasesores.net\/index.php\/politica-de-cookies\/","title":{"rendered":"Pol\u00edtica de Cookies"},"content":{"rendered":"\n<p><br>RAM\u00d3N RAMOS RODR\u00cdGUEZ cumple con lo dispuesto en las obligaciones previstas en el apartado segundo del art\u00edculo 22 de la Ley 34\/2002, de11 de julio, de Servicios de la Sociedad de la Informaci\u00f3n y de Comercio Electr\u00f3nico (en adelante, LSSI), en relaci\u00f3n con el Reglamento(UE) 2016\/679 del Parlamento Europeo y del Consejo, de 27 de abril de 2016, General de Protecci\u00f3n de Datos (en adelante, RGPD) y la Ley Org\u00e1nica 3\/2018, de 5 de diciembre, de Protecci\u00f3n de Datos y Garant\u00eda de los Derechos Digitales (en adelante, LOPDGDD).<br>Este Sitio Web www.rrasesores.net utiliza cookies esenciales para su funcionamiento.<br>La presente Pol\u00edtica de Cookies tiene por finalidad informarle de manera clara y precisa sobre las cookies que existen en el Sitio Web.<\/p>\n\n\n\n<ol class=\"wp-block-list\">\n<li>\u00bfQU\u00c9 SON LAS COOKIES? DEFINICI\u00d3N Y FUNCI\u00d3N GEN\u00c9RICA DE LAS COOKIES<br>Las cookies son ficheros que se almacenan en el ordenador del Usuario que navega a trav\u00e9s de Internet y que, en particular, contiene un n\u00famero que permite identificar un\u00edvocamente el ordenador del usuario, aunque \u00e9ste cambie de localizaci\u00f3n o de direcci\u00f3n IP.<br>Las cookies son instaladas durante la navegaci\u00f3n por Internet, bien por los sitios web que visita o bien por terceros con los que se relaciona el Sitio Web, y permiten, entre otras cosas, almacenar y recuperar informaci\u00f3n sobre sus h\u00e1bitos de navegaci\u00f3n o de su equipo y, dependiendo de la informaci\u00f3n que contengan y de la forma en que utilice su equipo, pueden utilizarse para reconocerle.<br>1.1.Tipos de cookies<br>1.1.2. Cookies seg\u00fan entidad que las gestiona.<br>Seg\u00fan qui\u00e9n sea la entidad que gestione el equipo o dominio desde donde se env\u00edan las cookies y trate los datos que se obtengan, se distinguen dos tipos:<br>\u2022 Cookies propias: aquellas que se env\u00edan al equipo terminal del usuario desde un equipo o dominio gestionado por el propio editor y desde el que se presta el servicio solicitado por el usuario.<br>\u2022 Cookies de terceros: aquellas que se env\u00edan al equipo terminal del usuario desde un equipo o dominio que no es gestionado por el editor, sino por otra entidad que trata los datos obtenidos trav\u00e9s de las cookies.<br>En el caso de que las cookies sean instaladas desde un equipo o dominio gestionado por el propio editor, pero la informaci\u00f3n que se recoja mediante \u00e9stas sea gestionada por un tercero, no pueden ser consideradas como cookies propias.<br>1.1.3. Cookies seg\u00fan el plazo de tiempo que permanecen activadas.<br>Existe tambi\u00e9n una segunda clasificaci\u00f3n seg\u00fan el plazo de tiempo que permanecen activadas en el equipo terminal, pudiendo tratarse de:<br>\u2022 Cookies de sesi\u00f3n: son aquellas dise\u00f1adas para recabar y almacenar datos mientras el usuario accede a una p\u00e1gina web. Se suelen emplear para almacenar informaci\u00f3n que solo interesa conservar para la prestaci\u00f3n del servicio solicitado por el usuario en una sola ocasi\u00f3n (por ejemplo, una lista de productos adquiridos) y desaparecen al terminar la sesi\u00f3n.<br>\u2022 Cookies persistentes: son aquellas en las que los datos siguen almacenados en el terminal y pueden ser accedidos y tratados durante un periodo definido por el responsable de la cookie, y que puede ir de unos minutos a varios a\u00f1os.<br>1.1.4. Cookies seg\u00fan su finalidad.<br>Por \u00faltimo, existe otras tipolog\u00edas de cookies a t\u00edtulo orientativo por ser las m\u00e1s habituales seg\u00fan la finalidad para la que se traten los datos obtenidos:<br>\u2022 Cookies t\u00e9cnicas: son aquellas que permiten al usuario la navegaci\u00f3n a trav\u00e9s de una p\u00e1gina web, plataforma o aplicaci\u00f3n y la utilizaci\u00f3n de las diferentes opciones o servicios que en ella existan, incluyendo aquellas que el editor utiliza para permitir la gesti\u00f3n y operativa de la p\u00e1gina web y habilitar sus funciones y servicios, como, por ejemplo, controlar el tr\u00e1fico y la comunicaci\u00f3n de datos, identificar la sesi\u00f3n, acceder a partes de acceso restringido, recordar los elementos que integran un pedido, realizar el proceso de compra de un pedido, gestionar el pago, controlar el fraude vinculado a la seguridad del servicio, realizar la solicitud de inscripci\u00f3n o participaci\u00f3n en un evento, contar visitas a efectos de la facturaci\u00f3n de licencias del software con el que funciona servicio (sitio web, plataforma o aplicaci\u00f3n),utilizar elementos de seguridad durante la navegaci\u00f3n, almacenar contenidos parala difusi\u00f3n de v\u00eddeos o sonido, habilitar contenidos din\u00e1micos (por ejemplo, animaci\u00f3n de carga de un texto o imagen) o compartir contenidos a trav\u00e9s de redes sociales.<br>\u2022 Cookies de preferencias o de personalizaci\u00f3n: son aquellas que permiten recordar informaci\u00f3n para que el usuario acceda al servicio con determinadas caracter\u00edsticas que pueden diferenciar su experiencia de la de otros usuarios, como, por ejemplo, el idioma, el n\u00famero de resultados a mostrar cuando el usuario realiza una b\u00fasqueda, el aspecto o contenido del servicio en funci\u00f3n del tipo de navegador a trav\u00e9s del cual el usuario accede al servicio o de la regi\u00f3n desde la que accede al servicio, etc.<br>\u2022 Cookies de an\u00e1lisis o medici\u00f3n: permiten al responsable de las mismas, el seguimiento y an\u00e1lisis del comportamiento de los usuarios de los sitios web a los que est\u00e1n vinculadas incluida la cuantificaci\u00f3n de los impactos de los anuncios. La informaci\u00f3n recogida mediante este tipo de cookies se utiliza en la medici\u00f3n de la actividad de los sitios web, aplicaci\u00f3n o plataforma y para la elaboraci\u00f3n de perfiles de navegaci\u00f3n de los usuarios de dichos sitios, aplicaciones y plataformas, con el fin de introducir mejoras en funci\u00f3n del an\u00e1lisis de los datos de uso que hacen los usuarios del servicio.<br>\u2022 Cookies publicitarias: permiten la gesti\u00f3n, de la forma m\u00e1s eficaz posible, de los espacios publicitarios.<br>\u2022 Cookies de publicidad comportamental: almacenan informaci\u00f3n del comportamiento de los usuarios obtenida a trav\u00e9s de la observaci\u00f3n continuada de sus h\u00e1bitos de navegaci\u00f3n, lo que permite desarrollar un perfil espec\u00edfico para mostrar publicidad en funci\u00f3n del mismo.<br>\u2022 Cookies de redes sociales externas: se utilizan para que los visitantes puedan interactuar con el contenido de diferentes plataformas sociales (Facebook, YouTube, Twitter, LinkedIn, etc..) y que se generen \u00fanicamente para los usuarios de dichas redes sociales. Las condiciones de utilizaci\u00f3n de estas cookies y la informaci\u00f3n recopilada se regulan por la pol\u00edtica de privacidad de la plataforma social correspondiente.<\/li>\n\n\n\n<li>\u00bfQU\u00c9 TIPO DE COOKIES UTILIZAMOS Y CU\u00c1L ES SU FINALIDAD?<br>Cuando navega por este Sitio Web puede encontrar cookies insertadas directamente por el Prestador Ram\u00f3n Ramos Rodr\u00edguez o bien cookies insertadas por entidades externas, seg\u00fan lo detallado a continuaci\u00f3n:<br>Tipo de cookie descripci\u00f3n finalidad Plazo de tratamiento<br>Cookies de Sesi\u00f3n Estas Cookies se utilizan para mejorar la navegaci\u00f3n y optimizar el funcionamiento de nuestros Servicios. Almacenan configuraciones de Servicios para que no tenga que reconfigurarlos cada vez que nos visite. Persistentes<br>PROPIAS<\/li>\n\n\n\n<li>INFORMACI\u00d3N SOBRE C\u00d3MO ACEPTAR, DENEGAR, REVOCAR EL CONSENTIMIENTO O ELIMINAR LAS COOKIES<br>Tiene la opci\u00f3n de permitir o bloquear las cookies, as\u00ed como borrar sus datos de navegaci\u00f3n (incluidas las cookies) desde el navegador que utilice. Consulte las opciones e instrucciones que ofrece su navegador para ello. Tenga en cuenta que en caso de existir cookies de terceros, si las acepta , deber\u00e1 eliminarlas desde las opciones del navegador. La forma de deshabilitarlas es diferente para cada navegador, pero normalmente puede hacerse desde el men\u00fa Herramientas u Opciones. Tambi\u00e9n puede consultar el men\u00fa de Ayuda del navegador donde encontrar\u00e1 todas las instrucciones.<br>Podr\u00e1 elegir en cualquier momento qu\u00e9 cookies desea que funcionen en este Sitio Web.<br>En los siguientes enlaces tiene a su disposici\u00f3n toda la informaci\u00f3n para configurar o deshabilitar las cookies en cada navegador:<br>\u2022 Internet Explorer<br>\u2022 Microsoft Edge<br>\u2022 Firefox<br>\u2022 Chrome<br>\u2022 Safari<br>3.1. Informaci\u00f3n sobre transferencia de datos a terceros pa\u00edses.<br>Puede informarse de las transferencias a terceros pa\u00edses que, en su caso, realizan los terceros identificados en esta pol\u00edtica de cookies en sus correspondientes pol\u00edticas (ver los enlaces facilitados).<\/li>\n\n\n\n<li>\u00bfQU\u00c9 OCURRE SI RECHAZA LA INSTALACI\u00d3N DE COOKIES?<br>En este caso podr\u00e1 seguir navegando, aunque el uso de algunos de los servicios podr\u00e1 ser limitado o bien no pueda acceder y por tanto su experiencia en nuestro Sitio Web resultar\u00e1 menos satisfactoria. Podr\u00e1 rechazarlas en cualquier momento.<\/li>\n\n\n\n<li>CONSENTIMIENTO<br>Ante esta informaci\u00f3n es posible llevar a cabo las siguientes acciones:<br>VISUALIZAR NUESTRA POL\u00cdTICA DE COOKIES: la presente pol\u00edtica de cookies facilita toda la informaci\u00f3n necesaria, as\u00ed como modificar la configuraci\u00f3n de las cookies en su navegador o rechazarlas . En tal caso, solo se descargar\u00e1n las imprescindibles para navegar y que no pueden deshabilitarse.<br>ACEPTAR COOKIES: se aceptar\u00e1n todas las cookies mencionadas. No se volver\u00e1 a visualizar el aviso durante la presente sesi\u00f3n en el navegador.<br>RECHAZAR COOKIES: se instalar\u00e1n \u00fanicamente aquellas cookies que son estrictamente necesarias o imprescindibles para el correcto funcionamiento del sitio web.<br>En relaci\u00f3n al resto de informaci\u00f3n exigida por la normativa de protecci\u00f3n de datos puede consultarla en nuestra POL\u00cdTICA DE PRIVACIDAD.<\/li>\n<\/ol>\n","protected":false},"excerpt":{"rendered":"<p>RAM\u00d3N RAMOS RODR\u00cdGUEZ cumple con lo dispuesto en las obligaciones previstas en el apartado segundo del art\u00edculo 22 de la Ley 34\/2002, de11 de julio, de Servicios de la Sociedad &#8230;<\/p>\n","protected":false},"author":1,"featured_media":0,"parent":0,"menu_order":0,"comment_status":"closed","ping_status":"open","template":"","meta":{"footnotes":""},"class_list":["post-1442","page","type-page","status-publish","hentry"],"yoast_head":"<!-- This site is optimized with the Yoast SEO plugin v26.4 - https:\/\/yoast.com\/wordpress\/plugins\/seo\/ -->\n<title>Pol\u00edtica de Cookies - RR Asesores<\/title>\n<meta name=\"robots\" content=\"index, follow, max-snippet:-1, max-image-preview:large, max-video-preview:-1\" \/>\n<link rel=\"canonical\" href=\"https:\/\/www.rrasesores.net\/index.php\/politica-de-cookies\/\" \/>\n<meta property=\"og:locale\" content=\"es_ES\" \/>\n<meta property=\"og:type\" content=\"article\" \/>\n<meta property=\"og:title\" content=\"Pol\u00edtica de Cookies - RR Asesores\" \/>\n<meta property=\"og:description\" content=\"RAM\u00d3N RAMOS RODR\u00cdGUEZ cumple con lo dispuesto en las obligaciones previstas en el apartado segundo del art\u00edculo 22 de la Ley 34\/2002, de11 de julio, de Servicios de la Sociedad ...\" \/>\n<meta property=\"og:url\" content=\"https:\/\/www.rrasesores.net\/index.php\/politica-de-cookies\/\" \/>\n<meta property=\"og:site_name\" content=\"RR Asesores\" \/>\n<meta property=\"article:modified_time\" content=\"2025-03-23T13:40:16+00:00\" \/>\n<meta name=\"twitter:card\" content=\"summary_large_image\" \/>\n<meta name=\"twitter:label1\" content=\"Tiempo de lectura\" \/>\n\t<meta name=\"twitter:data1\" content=\"8 minutos\" \/>\n<script type=\"application\/ld+json\" class=\"yoast-schema-graph\">{\"@context\":\"https:\/\/schema.org\",\"@graph\":[{\"@type\":\"WebPage\",\"@id\":\"https:\/\/www.rrasesores.net\/index.php\/politica-de-cookies\/\",\"url\":\"https:\/\/www.rrasesores.net\/index.php\/politica-de-cookies\/\",\"name\":\"Pol\u00edtica de Cookies - RR Asesores\",\"isPartOf\":{\"@id\":\"https:\/\/www.rrasesores.net\/#website\"},\"datePublished\":\"2018-10-02T09:12:27+00:00\",\"dateModified\":\"2025-03-23T13:40:16+00:00\",\"breadcrumb\":{\"@id\":\"https:\/\/www.rrasesores.net\/index.php\/politica-de-cookies\/#breadcrumb\"},\"inLanguage\":\"es\",\"potentialAction\":[{\"@type\":\"ReadAction\",\"target\":[\"https:\/\/www.rrasesores.net\/index.php\/politica-de-cookies\/\"]}]},{\"@type\":\"BreadcrumbList\",\"@id\":\"https:\/\/www.rrasesores.net\/index.php\/politica-de-cookies\/#breadcrumb\",\"itemListElement\":[{\"@type\":\"ListItem\",\"position\":1,\"name\":\"Home\",\"item\":\"https:\/\/www.rrasesores.net\/\"},{\"@type\":\"ListItem\",\"position\":2,\"name\":\"Pol\u00edtica de Cookies\"}]},{\"@type\":\"WebSite\",\"@id\":\"https:\/\/www.rrasesores.net\/#website\",\"url\":\"https:\/\/www.rrasesores.net\/\",\"name\":\"RR Asesores\",\"description\":\"Despacho Contable, Fiscal, Jur\u00eddico y Laboral\",\"publisher\":{\"@id\":\"https:\/\/www.rrasesores.net\/#organization\"},\"potentialAction\":[{\"@type\":\"SearchAction\",\"target\":{\"@type\":\"EntryPoint\",\"urlTemplate\":\"https:\/\/www.rrasesores.net\/?s={search_term_string}\"},\"query-input\":{\"@type\":\"PropertyValueSpecification\",\"valueRequired\":true,\"valueName\":\"search_term_string\"}}],\"inLanguage\":\"es\"},{\"@type\":\"Organization\",\"@id\":\"https:\/\/www.rrasesores.net\/#organization\",\"name\":\"RR Asesores\",\"url\":\"https:\/\/www.rrasesores.net\/\",\"logo\":{\"@type\":\"ImageObject\",\"inLanguage\":\"es\",\"@id\":\"https:\/\/www.rrasesores.net\/#\/schema\/logo\/image\/\",\"url\":\"https:\/\/www.rrasesores.net\/wp-content\/uploads\/2018\/10\/cropped-RR-ASESORES-LOGO-001.jpg\",\"contentUrl\":\"https:\/\/www.rrasesores.net\/wp-content\/uploads\/2018\/10\/cropped-RR-ASESORES-LOGO-001.jpg\",\"width\":350,\"height\":83,\"caption\":\"RR Asesores\"},\"image\":{\"@id\":\"https:\/\/www.rrasesores.net\/#\/schema\/logo\/image\/\"}}]}<\/script>\n<!-- \/ Yoast SEO plugin. -->","yoast_head_json":{"title":"Pol\u00edtica de Cookies - RR Asesores","robots":{"index":"index","follow":"follow","max-snippet":"max-snippet:-1","max-image-preview":"max-image-preview:large","max-video-preview":"max-video-preview:-1"},"canonical":"https:\/\/www.rrasesores.net\/index.php\/politica-de-cookies\/","og_locale":"es_ES","og_type":"article","og_title":"Pol\u00edtica de Cookies - RR Asesores","og_description":"RAM\u00d3N RAMOS RODR\u00cdGUEZ cumple con lo dispuesto en las obligaciones previstas en el apartado segundo del art\u00edculo 22 de la Ley 34\/2002, de11 de julio, de Servicios de la Sociedad ...","og_url":"https:\/\/www.rrasesores.net\/index.php\/politica-de-cookies\/","og_site_name":"RR Asesores","article_modified_time":"2025-03-23T13:40:16+00:00","twitter_card":"summary_large_image","twitter_misc":{"Tiempo de lectura":"8 minutos"},"schema":{"@context":"https:\/\/schema.org","@graph":[{"@type":"WebPage","@id":"https:\/\/www.rrasesores.net\/index.php\/politica-de-cookies\/","url":"https:\/\/www.rrasesores.net\/index.php\/politica-de-cookies\/","name":"Pol\u00edtica de Cookies - RR Asesores","isPartOf":{"@id":"https:\/\/www.rrasesores.net\/#website"},"datePublished":"2018-10-02T09:12:27+00:00","dateModified":"2025-03-23T13:40:16+00:00","breadcrumb":{"@id":"https:\/\/www.rrasesores.net\/index.php\/politica-de-cookies\/#breadcrumb"},"inLanguage":"es","potentialAction":[{"@type":"ReadAction","target":["https:\/\/www.rrasesores.net\/index.php\/politica-de-cookies\/"]}]},{"@type":"BreadcrumbList","@id":"https:\/\/www.rrasesores.net\/index.php\/politica-de-cookies\/#breadcrumb","itemListElement":[{"@type":"ListItem","position":1,"name":"Home","item":"https:\/\/www.rrasesores.net\/"},{"@type":"ListItem","position":2,"name":"Pol\u00edtica de Cookies"}]},{"@type":"WebSite","@id":"https:\/\/www.rrasesores.net\/#website","url":"https:\/\/www.rrasesores.net\/","name":"RR Asesores","description":"Despacho Contable, Fiscal, Jur\u00eddico y Laboral","publisher":{"@id":"https:\/\/www.rrasesores.net\/#organization"},"potentialAction":[{"@type":"SearchAction","target":{"@type":"EntryPoint","urlTemplate":"https:\/\/www.rrasesores.net\/?s={search_term_string}"},"query-input":{"@type":"PropertyValueSpecification","valueRequired":true,"valueName":"search_term_string"}}],"inLanguage":"es"},{"@type":"Organization","@id":"https:\/\/www.rrasesores.net\/#organization","name":"RR Asesores","url":"https:\/\/www.rrasesores.net\/","logo":{"@type":"ImageObject","inLanguage":"es","@id":"https:\/\/www.rrasesores.net\/#\/schema\/logo\/image\/","url":"https:\/\/www.rrasesores.net\/wp-content\/uploads\/2018\/10\/cropped-RR-ASESORES-LOGO-001.jpg","contentUrl":"https:\/\/www.rrasesores.net\/wp-content\/uploads\/2018\/10\/cropped-RR-ASESORES-LOGO-001.jpg","width":350,"height":83,"caption":"RR Asesores"},"image":{"@id":"https:\/\/www.rrasesores.net\/#\/schema\/logo\/image\/"}}]}},"_links":{"self":[{"href":"https:\/\/www.rrasesores.net\/index.php\/wp-json\/wp\/v2\/pages\/1442","targetHints":{"allow":["GET"]}}],"collection":[{"href":"https:\/\/www.rrasesores.net\/index.php\/wp-json\/wp\/v2\/pages"}],"about":[{"href":"https:\/\/www.rrasesores.net\/index.php\/wp-json\/wp\/v2\/types\/page"}],"author":[{"embeddable":true,"href":"https:\/\/www.rrasesores.net\/index.php\/wp-json\/wp\/v2\/users\/1"}],"replies":[{"embeddable":true,"href":"https:\/\/www.rrasesores.net\/index.php\/wp-json\/wp\/v2\/comments?post=1442"}],"version-history":[{"count":5,"href":"https:\/\/www.rrasesores.net\/index.php\/wp-json\/wp\/v2\/pages\/1442\/revisions"}],"predecessor-version":[{"id":1519,"href":"https:\/\/www.rrasesores.net\/index.php\/wp-json\/wp\/v2\/pages\/1442\/revisions\/1519"}],"wp:attachment":[{"href":"https:\/\/www.rrasesores.net\/index.php\/wp-json\/wp\/v2\/media?parent=1442"}],"curies":[{"name":"wp","href":"https:\/\/api.w.org\/{rel}","templated":true}]}}