{"id":1440,"date":"2018-10-02T09:12:08","date_gmt":"2018-10-02T09:12:08","guid":{"rendered":"http:\/\/www.rrasesores.net\/?page_id=1440"},"modified":"2022-12-21T10:45:46","modified_gmt":"2022-12-21T10:45:46","slug":"aviso-legal","status":"publish","type":"page","link":"https:\/\/www.rrasesores.net\/index.php\/aviso-legal\/","title":{"rendered":"Aviso Legal"},"content":{"rendered":"<p>AVISO LEGAL<br \/>\nEl acceso y uso del sitio web est\u00e1 sujeto al presente aviso legal, para dar cumplimiento a las obligaciones dispuestas en la Ley 34\/2002, de Servicios de la Sociedad de la Informaci\u00f3n y del Comercio Electr\u00f3nico (LSSI-CE), por lo que recomendamos su lectura. Como usuario se compromete a utilizarlo de conformidad con lo aqu\u00ed establecido, as\u00ed como a la normativa legal vigente en el momento de su utilizaci\u00f3n.<br \/>\n1. DATOS DE IDENTIFICACI\u00d3N<br \/>\nDenominaci\u00f3n social: RAMON RAMOS RODRIGUEZ Dominio: www.rrasesores.net<br \/>\nCIF: 24250571S<br \/>\nSede en Granada: PLACETA DE SANTO DOMINGO N\u00ba2-1\u00ba Granada<br \/>\nSede en Loja: Avda. de los \u00c1ngeles, 23 18300 Loja (Granada)<br \/>\nDatos de contacto:<br \/>\n\u2022 Tel\u00e9fono Granada: (+34) 958265985<br \/>\n\u2022 Tel\u00e9fono Loja : (+34) 958 32 05 93<br \/>\n\u2022 Correo electr\u00f3nico: asesoria@rrasesores.net<br \/>\n2. OBJETO<br \/>\nEl Sitio Web es propiedad de RAMON RAMOS RODRIGUEZ. El presente aviso legal regula el acceso y la utilizaci\u00f3n del sitio web alojado bajo el nombre de dominio www.rrasesores.net (en adelante el \u00abSitio Web\u00bb) as\u00ed como los contenidos, productos, y servicios puestos a disposici\u00f3n de sus usuarios, (en adelante los \u00abUsuarios\u00bb).<br \/>\n3. HIPERV\u00cdNCULOS<br \/>\nEl Sitio Web puede incluir enlaces a otros sitios web gestionados por terceros de cuyos contenidos RAMON RAMOS RODRIGUEZ no tiene control, por lo que no asumir\u00e1 ning\u00fan tipo de responsabilidad frente a ellos. En todo caso, se proceder\u00e1 a la retirada inmediata de la redirecci\u00f3n a dicho sitio web y de cualquier contenido que pudiera contravenir la legislaci\u00f3n nacional o internacional, la moral o el orden p\u00fablico, poniendo en conocimiento de las autoridades competentes el contenido en cuesti\u00f3n.<br \/>\n4. PROPIEDAD INTELECTUAL E INDUSTRIAL<br \/>\nEl Sitio Web, incluyendo a t\u00edtulo enunciativo, pero no limitativo su programaci\u00f3n, edici\u00f3n, compilaci\u00f3n y dem\u00e1s elementos necesarios para su funcionamiento, los dise\u00f1os, logotipos, texto y\/o gr\u00e1ficos es propiedad de RAMON RAMOS RODRIGUEZ o en su caso dispone de licencia o autorizaci\u00f3n por parte de los autores. Todos los contenidos del Sitio Web se encuentran debidamente protegidos por la normativa espa\u00f1ola e internacional en materia de propiedad intelectual e industrial, as\u00ed como inscritos en los registros p\u00fablicos correspondientes.<br \/>\nIndependientemente de la finalidad para la que fueran destinados, la reproducci\u00f3n total o parcial, uso, explotaci\u00f3n, distribuci\u00f3n y comercializaci\u00f3n, requiere en todo caso de previa autorizaci\u00f3n escrita. Cualquier uso no autorizado ser\u00e1 considerado un incumplimiento grave de los derechos de propiedad intelectual o industrial del autor. Los dise\u00f1os, logotipos, texto y\/o gr\u00e1ficos ajenos a RAMON RAMOS RODRIGUEZ y que pudieran aparecer en el Sitio Web, pertenecen a sus respectivos propietarios, siendo ellos mismos responsables de cualquier posible controversia que pudiera suscitarse respecto a los mismos.<br \/>\nEditado por: Datagestion \u00a9 \u00ae<br \/>\nPara realizar cualquier tipo de observaci\u00f3n respecto a posibles incumplimientos de los derechos de propiedad intelectual o industrial, as\u00ed como sobre cualquiera de los contenidos del Sitio Web, puede dirigir un correo electr\u00f3nico a asesoria@rrasesores.net<br \/>\nRAMON RAMOS RODRIGUEZ se reserva expresamente cuantas acciones civiles y penales pudieran corresponderle como consecuencia de la vulneraci\u00f3n de la pac\u00edfica posesi\u00f3n y\/o titularidad no autorizada de los derechos de propiedad industrial e intelectual.<br \/>\n5. POL\u00cdTICA DE PRIVACIDAD<br \/>\nEn virtud de lo establecido por la normativa aplicable en materia de protecci\u00f3n de datos, todos los datos de car\u00e1cter personal que facilite a trav\u00e9s de los correspondientes formularios durante la utilizaci\u00f3n del Sitio Web ser\u00e1n tratados por RAMON RAMOS RODRIGUEZ de forma confidencial y seg\u00fan la normativa de protecci\u00f3n de datos aplicable y no ser\u00e1n divulgados a terceros, a menos que sea necesario para el cumplimiento de las obligaciones contractuales y por obligaci\u00f3n legal. Podr\u00e1 encontrar m\u00e1s informaci\u00f3n en la Pol\u00edtica de Privacidad del Sitio Web.<\/p>\n","protected":false},"excerpt":{"rendered":"<p>AVISO LEGAL El acceso y uso del sitio web est\u00e1 sujeto al presente aviso legal, para dar cumplimiento a las obligaciones dispuestas en la Ley 34\/2002, de Servicios de la &#8230;<\/p>\n","protected":false},"author":1,"featured_media":0,"parent":0,"menu_order":0,"comment_status":"closed","ping_status":"open","template":"","meta":{"footnotes":""},"class_list":["post-1440","page","type-page","status-publish","hentry"],"yoast_head":"<!-- This site is optimized with the Yoast SEO plugin v26.4 - https:\/\/yoast.com\/wordpress\/plugins\/seo\/ -->\n<title>Aviso Legal - RR Asesores<\/title>\n<meta name=\"robots\" content=\"index, follow, max-snippet:-1, max-image-preview:large, max-video-preview:-1\" \/>\n<link rel=\"canonical\" href=\"https:\/\/www.rrasesores.net\/index.php\/aviso-legal\/\" \/>\n<meta property=\"og:locale\" content=\"es_ES\" \/>\n<meta property=\"og:type\" content=\"article\" \/>\n<meta property=\"og:title\" content=\"Aviso Legal - RR Asesores\" \/>\n<meta property=\"og:description\" content=\"AVISO LEGAL El acceso y uso del sitio web est\u00e1 sujeto al presente aviso legal, para dar cumplimiento a las obligaciones dispuestas en la Ley 34\/2002, de Servicios de la ...\" \/>\n<meta property=\"og:url\" content=\"https:\/\/www.rrasesores.net\/index.php\/aviso-legal\/\" \/>\n<meta property=\"og:site_name\" content=\"RR Asesores\" \/>\n<meta property=\"article:modified_time\" content=\"2022-12-21T10:45:46+00:00\" \/>\n<meta name=\"twitter:card\" content=\"summary_large_image\" \/>\n<meta name=\"twitter:label1\" content=\"Tiempo de lectura\" \/>\n\t<meta name=\"twitter:data1\" content=\"3 minutos\" \/>\n<script type=\"application\/ld+json\" class=\"yoast-schema-graph\">{\"@context\":\"https:\/\/schema.org\",\"@graph\":[{\"@type\":\"WebPage\",\"@id\":\"https:\/\/www.rrasesores.net\/index.php\/aviso-legal\/\",\"url\":\"https:\/\/www.rrasesores.net\/index.php\/aviso-legal\/\",\"name\":\"Aviso Legal - RR Asesores\",\"isPartOf\":{\"@id\":\"https:\/\/www.rrasesores.net\/#website\"},\"datePublished\":\"2018-10-02T09:12:08+00:00\",\"dateModified\":\"2022-12-21T10:45:46+00:00\",\"breadcrumb\":{\"@id\":\"https:\/\/www.rrasesores.net\/index.php\/aviso-legal\/#breadcrumb\"},\"inLanguage\":\"es\",\"potentialAction\":[{\"@type\":\"ReadAction\",\"target\":[\"https:\/\/www.rrasesores.net\/index.php\/aviso-legal\/\"]}]},{\"@type\":\"BreadcrumbList\",\"@id\":\"https:\/\/www.rrasesores.net\/index.php\/aviso-legal\/#breadcrumb\",\"itemListElement\":[{\"@type\":\"ListItem\",\"position\":1,\"name\":\"Home\",\"item\":\"https:\/\/www.rrasesores.net\/\"},{\"@type\":\"ListItem\",\"position\":2,\"name\":\"Aviso Legal\"}]},{\"@type\":\"WebSite\",\"@id\":\"https:\/\/www.rrasesores.net\/#website\",\"url\":\"https:\/\/www.rrasesores.net\/\",\"name\":\"RR Asesores\",\"description\":\"Despacho Contable, Fiscal, Jur\u00eddico y Laboral\",\"publisher\":{\"@id\":\"https:\/\/www.rrasesores.net\/#organization\"},\"potentialAction\":[{\"@type\":\"SearchAction\",\"target\":{\"@type\":\"EntryPoint\",\"urlTemplate\":\"https:\/\/www.rrasesores.net\/?s={search_term_string}\"},\"query-input\":{\"@type\":\"PropertyValueSpecification\",\"valueRequired\":true,\"valueName\":\"search_term_string\"}}],\"inLanguage\":\"es\"},{\"@type\":\"Organization\",\"@id\":\"https:\/\/www.rrasesores.net\/#organization\",\"name\":\"RR Asesores\",\"url\":\"https:\/\/www.rrasesores.net\/\",\"logo\":{\"@type\":\"ImageObject\",\"inLanguage\":\"es\",\"@id\":\"https:\/\/www.rrasesores.net\/#\/schema\/logo\/image\/\",\"url\":\"https:\/\/www.rrasesores.net\/wp-content\/uploads\/2018\/10\/cropped-RR-ASESORES-LOGO-001.jpg\",\"contentUrl\":\"https:\/\/www.rrasesores.net\/wp-content\/uploads\/2018\/10\/cropped-RR-ASESORES-LOGO-001.jpg\",\"width\":350,\"height\":83,\"caption\":\"RR Asesores\"},\"image\":{\"@id\":\"https:\/\/www.rrasesores.net\/#\/schema\/logo\/image\/\"}}]}<\/script>\n<!-- \/ Yoast SEO plugin. -->","yoast_head_json":{"title":"Aviso Legal - RR Asesores","robots":{"index":"index","follow":"follow","max-snippet":"max-snippet:-1","max-image-preview":"max-image-preview:large","max-video-preview":"max-video-preview:-1"},"canonical":"https:\/\/www.rrasesores.net\/index.php\/aviso-legal\/","og_locale":"es_ES","og_type":"article","og_title":"Aviso Legal - RR Asesores","og_description":"AVISO LEGAL El acceso y uso del sitio web est\u00e1 sujeto al presente aviso legal, para dar cumplimiento a las obligaciones dispuestas en la Ley 34\/2002, de Servicios de la ...","og_url":"https:\/\/www.rrasesores.net\/index.php\/aviso-legal\/","og_site_name":"RR Asesores","article_modified_time":"2022-12-21T10:45:46+00:00","twitter_card":"summary_large_image","twitter_misc":{"Tiempo de lectura":"3 minutos"},"schema":{"@context":"https:\/\/schema.org","@graph":[{"@type":"WebPage","@id":"https:\/\/www.rrasesores.net\/index.php\/aviso-legal\/","url":"https:\/\/www.rrasesores.net\/index.php\/aviso-legal\/","name":"Aviso Legal - RR Asesores","isPartOf":{"@id":"https:\/\/www.rrasesores.net\/#website"},"datePublished":"2018-10-02T09:12:08+00:00","dateModified":"2022-12-21T10:45:46+00:00","breadcrumb":{"@id":"https:\/\/www.rrasesores.net\/index.php\/aviso-legal\/#breadcrumb"},"inLanguage":"es","potentialAction":[{"@type":"ReadAction","target":["https:\/\/www.rrasesores.net\/index.php\/aviso-legal\/"]}]},{"@type":"BreadcrumbList","@id":"https:\/\/www.rrasesores.net\/index.php\/aviso-legal\/#breadcrumb","itemListElement":[{"@type":"ListItem","position":1,"name":"Home","item":"https:\/\/www.rrasesores.net\/"},{"@type":"ListItem","position":2,"name":"Aviso Legal"}]},{"@type":"WebSite","@id":"https:\/\/www.rrasesores.net\/#website","url":"https:\/\/www.rrasesores.net\/","name":"RR Asesores","description":"Despacho Contable, Fiscal, Jur\u00eddico y Laboral","publisher":{"@id":"https:\/\/www.rrasesores.net\/#organization"},"potentialAction":[{"@type":"SearchAction","target":{"@type":"EntryPoint","urlTemplate":"https:\/\/www.rrasesores.net\/?s={search_term_string}"},"query-input":{"@type":"PropertyValueSpecification","valueRequired":true,"valueName":"search_term_string"}}],"inLanguage":"es"},{"@type":"Organization","@id":"https:\/\/www.rrasesores.net\/#organization","name":"RR Asesores","url":"https:\/\/www.rrasesores.net\/","logo":{"@type":"ImageObject","inLanguage":"es","@id":"https:\/\/www.rrasesores.net\/#\/schema\/logo\/image\/","url":"https:\/\/www.rrasesores.net\/wp-content\/uploads\/2018\/10\/cropped-RR-ASESORES-LOGO-001.jpg","contentUrl":"https:\/\/www.rrasesores.net\/wp-content\/uploads\/2018\/10\/cropped-RR-ASESORES-LOGO-001.jpg","width":350,"height":83,"caption":"RR Asesores"},"image":{"@id":"https:\/\/www.rrasesores.net\/#\/schema\/logo\/image\/"}}]}},"_links":{"self":[{"href":"https:\/\/www.rrasesores.net\/index.php\/wp-json\/wp\/v2\/pages\/1440","targetHints":{"allow":["GET"]}}],"collection":[{"href":"https:\/\/www.rrasesores.net\/index.php\/wp-json\/wp\/v2\/pages"}],"about":[{"href":"https:\/\/www.rrasesores.net\/index.php\/wp-json\/wp\/v2\/types\/page"}],"author":[{"embeddable":true,"href":"https:\/\/www.rrasesores.net\/index.php\/wp-json\/wp\/v2\/users\/1"}],"replies":[{"embeddable":true,"href":"https:\/\/www.rrasesores.net\/index.php\/wp-json\/wp\/v2\/comments?post=1440"}],"version-history":[{"count":4,"href":"https:\/\/www.rrasesores.net\/index.php\/wp-json\/wp\/v2\/pages\/1440\/revisions"}],"predecessor-version":[{"id":1488,"href":"https:\/\/www.rrasesores.net\/index.php\/wp-json\/wp\/v2\/pages\/1440\/revisions\/1488"}],"wp:attachment":[{"href":"https:\/\/www.rrasesores.net\/index.php\/wp-json\/wp\/v2\/media?parent=1440"}],"curies":[{"name":"wp","href":"https:\/\/api.w.org\/{rel}","templated":true}]}}